{"id":1816,"date":"2016-12-13T07:50:51","date_gmt":"2016-12-13T06:50:51","guid":{"rendered":"https:\/\/herwe-additives.schaller.io\/impressum\/"},"modified":"2018-06-21T14:36:21","modified_gmt":"2018-06-21T12:36:21","slug":"imprint","status":"publish","type":"page","link":"https:\/\/www.herwe-additives.de\/en\/imprint\/","title":{"rendered":"Imprint"},"content":{"rendered":"<div class=\"row mt-30\">\n<div class=\"col-sm-6\">\n<h3>HERWE GmbH<\/h3>\n<p>Kleines Feldlein 16-20<br \/>D-74889 Sinsheim<br \/>Fon +49 7261 9281-0<br \/>Fax +49 7261 9281-20 <br \/>info@herwe-additives.schaller.io<\/p>\n<p class=\"mt-15\"><strong>Managing Director:<\/strong><br \/>Dominik Herschlein<\/p>\n<p class=\"mt-15\"><strong><strong>Responsible for the<\/strong> content:<\/strong><br \/>Dominik Herschlein<\/p>\n<p class=\"mt-15\"><strong>Responsible for the technical realization of the website:<\/strong><br \/><a href=\"www.donner-doria.de\">Donner &amp; Doria Werbeagentur GmbH Mannheim<\/a><\/p>\n<p class=\"mt-15\"><strong>Jurisdiction:<\/strong><br \/>Sinsheim<\/p>\n<p class=\"mt-15\"><strong>Commercial register:<\/strong><br \/>Mannheim HRB 341211<\/p>\n<p class=\"mt-15\"><strong>UST-ID-(VAT):<\/strong><br \/>DE 144285337<\/p>\n<\/div>\n<div class=\"col-sm-6\">\n<h3>Haftungshinweis:<\/h3>\n<p>Wir \u00fcbernehmen keine Haftung f\u00fcr die Inhalte externer Links. F\u00fcr den Inhalt der verlinkten Seiten sind ausschliesslich deren Betreiber verantwortlich. Es besteht ein absoluter Haftungsausschluss f\u00fcr Aktualit\u00e4t und Richtigkeit der auf dieser Webseite enthaltenen Angaben.<\/p><\/div>\n<\/div>\n","protected":false},"excerpt":{"rendered":"<p>HERWE GmbH Kleines Feldlein 16-20D-74889 SinsheimFon +49 7261 9281-0Fax +49 7261 9281-20 info@herwe-additives.schaller.io Managing Director:Dominik Herschlein Responsible for the content:Dominik Herschlein Responsible for the technical realization of the website:Donner &amp; Doria Werbeagentur GmbH Mannheim Jurisdiction:Sinsheim Commercial register:Mannheim HRB 341211 UST-ID-(VAT):DE 144285337 Haftungshinweis: Wir \u00fcbernehmen keine Haftung f\u00fcr die Inhalte externer Links. F\u00fcr den Inhalt der [&hellip;]<\/p>\n","protected":false},"author":1,"featured_media":100,"parent":0,"menu_order":0,"comment_status":"closed","ping_status":"closed","template":"","meta":{"_acf_changed":false,"footnotes":""},"class_list":["post-1816","page","type-page","status-publish","has-post-thumbnail","hentry"],"acf":[],"_links":{"self":[{"href":"https:\/\/www.herwe-additives.de\/en\/wp-json\/wp\/v2\/pages\/1816","targetHints":{"allow":["GET"]}}],"collection":[{"href":"https:\/\/www.herwe-additives.de\/en\/wp-json\/wp\/v2\/pages"}],"about":[{"href":"https:\/\/www.herwe-additives.de\/en\/wp-json\/wp\/v2\/types\/page"}],"author":[{"embeddable":true,"href":"https:\/\/www.herwe-additives.de\/en\/wp-json\/wp\/v2\/users\/1"}],"replies":[{"embeddable":true,"href":"https:\/\/www.herwe-additives.de\/en\/wp-json\/wp\/v2\/comments?post=1816"}],"version-history":[{"count":3,"href":"https:\/\/www.herwe-additives.de\/en\/wp-json\/wp\/v2\/pages\/1816\/revisions"}],"predecessor-version":[{"id":1819,"href":"https:\/\/www.herwe-additives.de\/en\/wp-json\/wp\/v2\/pages\/1816\/revisions\/1819"}],"wp:featuredmedia":[{"embeddable":true,"href":"https:\/\/www.herwe-additives.de\/en\/wp-json\/wp\/v2\/media\/100"}],"wp:attachment":[{"href":"https:\/\/www.herwe-additives.de\/en\/wp-json\/wp\/v2\/media?parent=1816"}],"curies":[{"name":"wp","href":"https:\/\/api.w.org\/{rel}","templated":true}]}}